{"id":484,"date":"2011-11-24T17:34:16","date_gmt":"2011-11-24T22:34:16","guid":{"rendered":"http:\/\/crowsnestshamanism.com\/blog\/?page_id=484"},"modified":"2012-01-22T22:36:28","modified_gmt":"2012-01-23T03:36:28","slug":"workshops-in-french","status":"publish","type":"page","link":"https:\/\/crowsnestshamanism.com\/blog\/workshops-by-mikkal\/workshops-in-french\/","title":{"rendered":"Stages en Europe"},"content":{"rendered":"<p><strong>STAGES CHAMANIQUES AVEC MIKKAL<\/strong><\/p>\n<p>Tous les stages du <em>Centre Crows Nest for Shamanic Studies <\/em>ont une forte composante de c\u00e9r\u00e9monies sacr\u00e9es et de rites, de chants, de danses extatiques au tambour, de huttes de m\u00e9decine ainsi que du support de la communaut\u00e9. La description des stages\u00a0 pr\u00e9sent\u00e9s ci-dessous se focalise sur le contenu et l&#8217;objectif de chaque s\u00e9minaire. Vous trouverez les stages Crows Nest Europe. Pour consulter les dates de tous les stages \u00e0 venir, visitez notre page <a title=\"Minthe Calendar\" href=\"http:\/\/www.aguasunidas.com\/pages\/Chamanisme_traditionnel_La_Voie_Rouge_avec_Mikkal-5884266.html\" target=\"_blank\">calendrier<\/a>.<\/p>\n<p><strong>Th\u00e8mes des stages \u00e0 Crows Nest durant le prochain cycle de 2 ans<\/strong><\/p>\n<p>C.G. Jung disait \u00a0<em>&#8220;l&#8217;approche vers le numineux est la vraie th\u00e9rapie&#8221;. <\/em>Pour le psychoth\u00e9rapeute Jungien et pour le gu\u00e9risseur chamanique, le Sacr\u00e9 en est le coeur. En recouvrant le Sacr\u00e9 nous recouvrons la force de gu\u00e9rison la plus puissante qui soit. Le chamane est un ma\u00eetre de rituel, capable de localiser ou d&#8217;invoquer la pr\u00e9sence du Sacr\u00e9 puis de le contenir et le canaliser \u00e0 des fins de gu\u00e9rison. Black Elk disait &#8220;le Grand Esprit si\u00e8ge dans le coeur de chaque cr\u00e9ature&#8221;. Le chamanisme centr\u00e9 dans le coeur et honorant la terre a acc\u00e8s \u00e0 cet &#8220;axis mundi&#8221; int\u00e9rieur pour la gu\u00e9rison. Tous les enseignements et toutes les c\u00e9r\u00e9monies Crows Nest appliquent cette philosophie.<\/p>\n<p><strong>Imaginez-vous ce curriculum:<\/strong>\u00a0Cartographies de la Psych\u00e9 et du Cosmos, Groupes de R\u00eaves \u00e9veill\u00e9s, Rites de Passage, Guidance de Rituels, Voyages Chamaniques, Psychologie du Coeur et Conseil Indig\u00e8nes, usage th\u00e9rapeutique de la Musique Sacr\u00e9e, D\u00e9votion, Danse et Art ; le Pouvoir des Etats non ordinaires pour induire la Transformation, la Gu\u00e9rison, l&#8217;ouverture du Coeur. Imaginez-vous \u00e0 apprendre comment activer s\u00fbrement et intentionnellement l&#8217;inconscient profond et explorer les hauteurs et profondeurs de l&#8217;inconscient collectif. Imaginez-vous commencer vous-m\u00eames votre propre Livre Rouge de visions et de r\u00eaves dessin\u00e9s pour documenter votre voyage, comme le faisait C.G. Jung.<br \/>\nImaginez-vous \u00e0 apprendre comment \u00e9valuer des crises psychospirituelles et aider leur gu\u00e9rison dans un processus rituel de gu\u00e9rison non-r\u00e9pressif. Imaginez-vous une c\u00e9r\u00e9monie tellement puissante que les recouvrements d&#8217;\u00e2me et extractions d&#8217;\u00e9nergies ont lieu spontan\u00e9ment. Vous imaginez-vous soutenir une telle c\u00e9r\u00e9monie sacr\u00e9e avec voyage chamanique et conseil centr\u00e9 dans le coeur ? Tout ceci et bien plus encore figurera parmi les th\u00e8mes r\u00e9currents dans la tapisserie de la sagesse rituelle, durant le cycle de deux ans d&#8217;enseignements et d&#8217;exp\u00e9riences de Crows Nest USA et Europe. Le chemin centr\u00e9 dans le coeur et honorant la terre nous fournit la philisophie de base pendant que nous d\u00e9veloppons des comp\u00e9tences de diverses formes pour la gu\u00e9rison de l&#8217;\u00e2me. Le th\u00e8me de cette s\u00e9rie est <em>Pratique Chamanique et Respiration Sacr\u00e9e. <\/em>Vous pouvez participer aux stages pour votre propre enrichissement et d\u00e9veloppement professionnel ou vous pouvez le faire en vue d&#8217;obtenir une certification en tant que facilitateur en Pratiques Chamaniques et Respiration Sacr\u00e9e\u2122. Ceux qui veulent la certification devront suivre un stage intensif additionnel par an pendant ces deux ans. Ils auront \u00e9galement un programme de lectures cibl\u00e9es, des discussions et d\u00e9monstrations de leurs comp\u00e9tences et des partages en groupe des \u00e9v\u00e8nements de la Respiration Sacr\u00e9e.<\/p>\n<p><strong>FORMATION DE PRATIQUES CHAMANIQUES ET DE RESPIRATION SACREE, 1\u00e8re ANNEE<\/strong><br \/>\nTous les stages ci-dessous se d\u00e9roulent dans un environnement naturel ou un centre de retraite, au milieu d&#8217;une communaut\u00e9 de soutien g\u00e9n\u00e9reuse, et incluent de nombreuses c\u00e9r\u00e9monies\u00a0 telles que le feu sacr\u00e9, la hutte de sudation, la narration de contes, les voyages chamaniques, le conseil et le travail sur les r\u00eaves.<\/p>\n<p><strong>Introduction et vue d&#8217;ensemble du chamanisme et de la s\u00e9rie de respiration sacr\u00e9e<\/strong><br \/>\nR\u00e9vision de la pratique des voyages chamaniques et de l&#8217;aspect fondamental de la psychologie du coeur am\u00e9rindienne. Introduction et vue d&#8217;ensemble de chaque module de formation et de sa relation avec la psychologie du coeur et la pratique du voyage chamanique ; ceci en tant que th\u00e9orie de base et de pratiques de soutien pour la respiration sacr\u00e9e.<\/p>\n<p><strong>Module I: Th\u00e9orie du Sacr\u00e9 et Rites de Passage<\/strong><br \/>\nDurant ce stage il y aura des discussions sur des lectures (pour les gens en vue de certification). Il se focalisera sur la nature de la Structure Rituelle, du Processus et de la guidance des Rituels, qui se retrouvent dans toutes les C\u00e9r\u00e9monies Sacr\u00e9es de Crows Nest mais de fa\u00e7on tr\u00e8s prononc\u00e9e dans la Respiration Sacr\u00e9e, ainsi que dans les Qu\u00eates de Vision et Huttes de Sudation. Ce module est crucial par rapport au programme entier, il est le squelette sur lequel reposent toutes les th\u00e9ories et proc\u00e9dures.<\/p>\n<p><strong>Module II : PSYCH\u00c9 ET COSMOS (Cartographies)<\/strong><br \/>\nCe module explore les cartographies de la psych\u00e9 profonde et arch\u00e9typale en entrant dans les dimensions transpersonnelles. Il examine la cartographie de Grof, la cartographie de Jung, les met en corr\u00e9lation avec la Cartographie du Cosmos du Chaman et ses trois mondes, le syst\u00e8me \u00e9nerg\u00e9tique des chakras, comme ils peuvent se manifester dans la respiration et la danse sacr\u00e9es. Certains domaines de la Cartographie seront explor\u00e9s de fa\u00e7on exp\u00e9riencielle lors de voyages chamaniques, ainsi que lors de sessions de Respiration Sacr\u00e9e.<\/p>\n<p><strong>Module III : PSYCHOPATHOLOGIE ET URGENCES SPIRITUELLES<\/strong><br \/>\nCe module explore les d\u00e9sordres psychopathologiques du point de vue d&#8217;un potentiel de r\u00e9ponses \u00e0 une c\u00e9r\u00e9monie de gu\u00e9rison non-r\u00e9pressive, telle que la respiration sacr\u00e9e. Les exclusions psychiatriques et les probl\u00e8mes m\u00e9dicaux seront \u00e9galement r\u00e9vis\u00e9s. Des formes de crises qui ont un caract\u00e8re spirituel ou de gu\u00e9rison spontan\u00e9e seront explor\u00e9es en tant que possibilit\u00e9s lors de la Respiration Sacr\u00e9e et lors du suivi apr\u00e8s la session. Ce module est crucial pour la s\u00e9curit\u00e9 de la pratique.<\/p>\n<p><strong>Module IV : MUSIQUE, ART ET LE SACR\u00c9. PROCESSUS DE GROUPE<\/strong><br \/>\nLa musique, l&#8217;oeuvre d&#8217;art et le processus (partage) de groupe se rapportant \u00e0 la Respiration Sacr\u00e9e seront largement explor\u00e9s et mis en corr\u00e9lation avec l&#8217;approche th\u00e9rapeutique vers le numineux dans la deuxi\u00e8me \u00e9tape de la structure rituelle et du processus rituel.\u00a0 L&#8217;oeuvre d&#8217;art est explor\u00e9e aussi bien que la cartographie sacr\u00e9e mais ceci pour apprendre, et jamais pour offrir une interpr\u00e9tation \u00e0 quelqu&#8217;un qui est dans le processus (partage) de groupe apr\u00e8s respiration sacr\u00e9e.<\/p>\n<p><strong>Retraite intensive de 5 jours I<\/strong><br \/>\n(Ces dates sont sugg\u00e9r\u00e9es mais doivent \u00eatre revisit\u00e9es. Donc revenez voir plus tard)<br \/>\nDurant cette retraite intensive de 5 jours il y aura 2 sessions de Respiration Sacr\u00e9e par jour, incluant\u00a0 des \u00e9valuations individuelles de chaque participant, afin de d\u00e9terminer de quelles instructions ou exp\u00e9riences aditionnelles il aurait encore besoin. Tout ceci accompagn\u00e9 d&#8217;une r\u00e9vision et int\u00e9gration extensive du mat\u00e9riel, se focalisant sur un d\u00e9veloppement professionnel en tant que facilitateur.<\/p>\n<p><strong><em>La deuxi\u00e8me ann\u00e9e de stages et la retraite intensive finale de 5 jours en 2013 vous seront annonc\u00e9s <\/em><\/strong><\/p>\n<p><strong>&#8220;Transformer le R\u00eave&#8221;, un Festival de Chamanes, 24-25-26 f\u00e9vrier 2012<\/strong><br \/>\n&#8220;Vuka&#8221; (se d\u00e9place) vers la pointe Sud de l&#8217;Afrique, \u00e0 Cape Town pour explorer le chemin du Coeur, centr\u00e9 dans le coeur et honorant la terre. Rejoignez nous pour un long week-end transformatif de C\u00e9r\u00e9monies, Voyages Chamaniques, Respiration Sacr\u00e9e, Danse, Cercles de Feu, stages, tambours, commerce d&#8217;articles chamaniques, huttes de sudation et plus.<br \/>\nPour plus d&#8217;informations :\u00a0 email \u00e0 <a href=\"mailto:shamanfestival@gmail.com\">shamanfestival@gmail.com<\/a>.<\/p>\n<p><strong>Qu\u00eate de Vision sur S. Manitou Island <\/strong>du 3 au 11 ao\u00fbt 2012<br \/>\nChaque ann\u00e9e, durant ces 16 derni\u00e8res ann\u00e9es nous avons tenu la Qu\u00eate de Vision sur South Manitou Island, au Nord du lac Michigan ; maintenant elle se d\u00e9roule conjointement \u00e0 <em>l&#8217;Ecole d&#8217;Et\u00e9 du Gu\u00e9risseur Bless\u00e9<\/em>. Nous nous rassemblons et passons 2 jours \u00e0 pr\u00e9parer la communaut\u00e9 \u00e0 Crows Nest avant de se mette en route vers le Nord en voiture pour atteindre Leiland, une ville et un port de p\u00eacheurs au bord du lac Michigan. Nous allons sur l&#8217;\u00eele en Ferry et y passons 5 jours. Pour vous pr\u00e9parer spirituellement, rendez-vous sur la page <a href=\"http:\/\/crowsnestshamanism.com\/Documents\/preparation_%20spirituelle_%20et%20de_la_roude_la_medecine%20pour_quete_de_vision.pdf\">pr\u00e9paration spirituelle et de la roue de m\u00e9decine pour qu\u00eate de vision<\/a>. Pour voir ce qu&#8217;il faut amener, veuillez voir la <a href=\"http:\/\/crowsnestshamanism.com\/Documents\/Checklist_de_preparation_ala%20quete_de_vision.pdf\">checklist de pr\u00e9paration \u00e0 la qu\u00eate de vision<\/a>. Pour ceux qui ne peuvent pas s&#8217;exposer aux rigueurs physiques de faire du camping dans la nature sauvage ou ceux qui habitent trop loin pour y assister, il y a une possibilit\u00e9 de faire une Qu\u00eate de Vision sous forme d&#8217;un journal. (Frais $550.00 + env. 150$ de frais divers).<\/p>\n","protected":false},"excerpt":{"rendered":"<p>STAGES CHAMANIQUES AVEC MIKKAL Tous les stages du Centre Crows Nest for Shamanic Studies ont une forte composante de c\u00e9r\u00e9monies sacr\u00e9es et de rites, de chants, de danses extatiques au tambour, de huttes de m\u00e9decine ainsi que du support de la communaut\u00e9. La description des stages\u00a0 pr\u00e9sent\u00e9s ci-dessous se focalise sur le contenu et l&#8217;objectif [&hellip;]<\/p>\n","protected":false},"author":1,"featured_media":0,"parent":353,"menu_order":0,"comment_status":"closed","ping_status":"open","template":"","meta":{"footnotes":""},"class_list":["post-484","page","type-page","status-publish","hentry"],"jetpack_sharing_enabled":true,"jetpack_shortlink":"https:\/\/wp.me\/P211tE-7O","jetpack_likes_enabled":true,"_links":{"self":[{"href":"https:\/\/crowsnestshamanism.com\/blog\/wp-json\/wp\/v2\/pages\/484","targetHints":{"allow":["GET"]}}],"collection":[{"href":"https:\/\/crowsnestshamanism.com\/blog\/wp-json\/wp\/v2\/pages"}],"about":[{"href":"https:\/\/crowsnestshamanism.com\/blog\/wp-json\/wp\/v2\/types\/page"}],"author":[{"embeddable":true,"href":"https:\/\/crowsnestshamanism.com\/blog\/wp-json\/wp\/v2\/users\/1"}],"replies":[{"embeddable":true,"href":"https:\/\/crowsnestshamanism.com\/blog\/wp-json\/wp\/v2\/comments?post=484"}],"version-history":[{"count":0,"href":"https:\/\/crowsnestshamanism.com\/blog\/wp-json\/wp\/v2\/pages\/484\/revisions"}],"up":[{"embeddable":true,"href":"https:\/\/crowsnestshamanism.com\/blog\/wp-json\/wp\/v2\/pages\/353"}],"wp:attachment":[{"href":"https:\/\/crowsnestshamanism.com\/blog\/wp-json\/wp\/v2\/media?parent=484"}],"curies":[{"name":"wp","href":"https:\/\/api.w.org\/{rel}","templated":true}]}}