{"id":506,"date":"2011-11-24T17:48:43","date_gmt":"2011-11-24T22:48:43","guid":{"rendered":"http:\/\/crowsnestshamanism.com\/blog\/?page_id=506"},"modified":"2013-08-28T18:28:47","modified_gmt":"2013-08-28T22:28:47","slug":"french-articles","status":"publish","type":"page","link":"https:\/\/crowsnestshamanism.com\/blog\/resources\/french-articles\/","title":{"rendered":"Les \u00e9crits fran\u00e7ais de Mikkal"},"content":{"rendered":"<h3><span class=\"Apple-style-span\" style=\"font-family: Consolas, Monaco, monospace; font-size: 12px; line-height: 10px; white-space: pre; font-weight: normal;\"><br \/>\n<a href=\"https:\/\/crowsnestshamanism.com\/blog\/wp-content\/uploads\/2011\/11\/resource_pic.jpg\"><img loading=\"lazy\" decoding=\"async\" data-attachment-id=\"1550\" data-permalink=\"https:\/\/crowsnestshamanism.com\/blog\/resources\/french-articles\/resource_pic\/\" data-orig-file=\"https:\/\/crowsnestshamanism.com\/blog\/wp-content\/uploads\/2011\/11\/resource_pic.jpg\" data-orig-size=\"270,180\" data-comments-opened=\"1\" data-image-meta=\"{&quot;aperture&quot;:&quot;0&quot;,&quot;credit&quot;:&quot;&quot;,&quot;camera&quot;:&quot;&quot;,&quot;caption&quot;:&quot;&quot;,&quot;created_timestamp&quot;:&quot;0&quot;,&quot;copyright&quot;:&quot;&quot;,&quot;focal_length&quot;:&quot;0&quot;,&quot;iso&quot;:&quot;0&quot;,&quot;shutter_speed&quot;:&quot;0&quot;,&quot;title&quot;:&quot;&quot;}\" data-image-title=\"resource_pic\" data-image-description=\"\" data-image-caption=\"\" data-medium-file=\"https:\/\/crowsnestshamanism.com\/blog\/wp-content\/uploads\/2011\/11\/resource_pic.jpg\" data-large-file=\"https:\/\/crowsnestshamanism.com\/blog\/wp-content\/uploads\/2011\/11\/resource_pic.jpg\" class=\"alignright size-full wp-image-1550\" alt=\"resource_pic\" src=\"https:\/\/crowsnestshamanism.com\/blog\/wp-content\/uploads\/2011\/11\/resource_pic.jpg\" width=\"270\" height=\"180\" \/><\/a><\/span><span class=\"Apple-style-span\" style=\"font-family: Consolas, Monaco, monospace; font-size: 12px; line-height: 10px; white-space: pre; font-weight: normal;\"><a href=\"http:\/\/crowsnestshamanism.com\/Documents\/rencontredereTerre.pdf\" target=\"_new\">A la Rencontre de M\u00e8re Terre<\/a><\/span><\/h3>\n<pre><a href=\"http:\/\/crowsnestshamanism.com\/Documents\/rencontreduchamaneinterieur.pdf\" target=\"_new\">A la rencontre du chamane int\u00e9rieur<\/a><\/pre>\n<pre><a href=\"http:\/\/crowsnestshamanism.com\/Documents\/ArticleDeReferences.pdf\" target=\"_new\">Article De R\u00e9f\u00e9rences<\/a><\/pre>\n<pre><a href=\"http:\/\/crowsnestshamanism.com\/Documents\/CartographiechamaniqueduSpectredelaConscience.pdf\" target=\"_new\">Cartographie chamanique du Spectre de la Conscience<\/a><\/pre>\n<pre><a href=\"http:\/\/crowsnestshamanism.com\/Documents\/ChecklistCommentSeHair.pdf\" target=\"_new\">Check-list Comment Se Hair<\/a><\/pre>\n<pre><a href=\"http:\/\/crowsnestshamanism.com\/Documents\/Checklist_de_preparation_ala%20quete_de_vision.pdf\">Checklist de pr\u00e9paration \u00e0 la qu\u00eate de sauvage<\/a><\/pre>\n<pre><a href=\"http:\/\/crowsnestshamanism.com\/Documents\/LaReductionenSquelette.pdf\" target=\"_new\">La Reduction en Squelette<\/a><\/pre>\n<pre><a href=\"http:\/\/crowsnestshamanism.com\/Documents\/Les4ActesDePouvoir.pdf\" target=\"_new\">Les 4 Actes De Pouvoir<\/a><\/pre>\n<pre><a href=\"http:\/\/crowsnestshamanism.com\/Documents\/LeSystemeDeNavigationDuCoeur.pdf\" target=\"_new\">LeSyst\u00e8me De Navigation Du Coeur (GPS)<\/a><\/pre>\n<pre><a href=\"http:\/\/crowsnestshamanism.com\/Documents\/Lhistoiredelachenilleetdelafosseserpents.pdf\" target=\"_new\">L'histoire de la chenille et de la fosse serpents<\/a><\/pre>\n<pre><a href=\"http:\/\/crowsnestshamanism.com\/Documents\/petitehistoire.pdf\" target=\"_new\">Petitehistoire<\/a><\/pre>\n<pre><a href=\"http:\/\/crowsnestshamanism.com\/Documents\/preparation_spirituelle_etde_la_roude_la_medecine_pour_quete_de_vision.pdf\">Preparation Spirituelle et de la roue de la M\u00e9decine pour qu\u00eate de Vision<\/a><\/pre>\n<pre><a href=\"http:\/\/crowsnestshamanism.com\/Documents\/Questionsducoeur.pdf\" target=\"_new\">Questions Du Coeur<\/a><\/pre>\n<pre><a href=\"http:\/\/crowsnestshamanism.com\/Documents\/Respirationsacree.pdf\" target=\"_new\">Respiration Sacr\u00e9e<\/a><\/pre>\n<pre><a href=\"http:\/\/crowsnestshamanism.com\/Documents\/RecapitulationFr.pdf\" target=\"_new\">R\u00e9capitulation\r\nUne Petite Psychologie du C\u0153ur<\/a><\/pre>\n","protected":false},"excerpt":{"rendered":"<p>A la Rencontre de M\u00e8re Terre A la rencontre du chamane int\u00e9rieur Article De R\u00e9f\u00e9rences Cartographie chamanique du Spectre de la Conscience Check-list Comment Se Hair Checklist de pr\u00e9paration \u00e0 la qu\u00eate de sauvage La Reduction en Squelette Les 4 Actes De Pouvoir LeSyst\u00e8me De Navigation Du Coeur (GPS) L&#8217;histoire de la chenille et de [&hellip;]<\/p>\n","protected":false},"author":1,"featured_media":1550,"parent":255,"menu_order":0,"comment_status":"closed","ping_status":"open","template":"","meta":{"footnotes":""},"class_list":["post-506","page","type-page","status-publish","has-post-thumbnail","hentry"],"jetpack_sharing_enabled":true,"jetpack_shortlink":"https:\/\/wp.me\/P211tE-8a","jetpack_likes_enabled":true,"_links":{"self":[{"href":"https:\/\/crowsnestshamanism.com\/blog\/wp-json\/wp\/v2\/pages\/506","targetHints":{"allow":["GET"]}}],"collection":[{"href":"https:\/\/crowsnestshamanism.com\/blog\/wp-json\/wp\/v2\/pages"}],"about":[{"href":"https:\/\/crowsnestshamanism.com\/blog\/wp-json\/wp\/v2\/types\/page"}],"author":[{"embeddable":true,"href":"https:\/\/crowsnestshamanism.com\/blog\/wp-json\/wp\/v2\/users\/1"}],"replies":[{"embeddable":true,"href":"https:\/\/crowsnestshamanism.com\/blog\/wp-json\/wp\/v2\/comments?post=506"}],"version-history":[{"count":0,"href":"https:\/\/crowsnestshamanism.com\/blog\/wp-json\/wp\/v2\/pages\/506\/revisions"}],"up":[{"embeddable":true,"href":"https:\/\/crowsnestshamanism.com\/blog\/wp-json\/wp\/v2\/pages\/255"}],"wp:featuredmedia":[{"embeddable":true,"href":"https:\/\/crowsnestshamanism.com\/blog\/wp-json\/wp\/v2\/media\/1550"}],"wp:attachment":[{"href":"https:\/\/crowsnestshamanism.com\/blog\/wp-json\/wp\/v2\/media?parent=506"}],"curies":[{"name":"wp","href":"https:\/\/api.w.org\/{rel}","templated":true}]}}