{"id":690,"date":"2012-01-22T18:25:01","date_gmt":"2012-01-22T23:25:01","guid":{"rendered":"http:\/\/crowsnestshamanism.com\/blog\/?page_id=690"},"modified":"2013-08-07T21:42:30","modified_gmt":"2013-08-08T01:42:30","slug":"crows-nest-home-en-francais","status":"publish","type":"page","link":"https:\/\/crowsnestshamanism.com\/blog\/crows-nest-home-page\/crows-nest-home-en-francais\/","title":{"rendered":"Accueil Crows Nest"},"content":{"rendered":"<p>\u00abNous avons tous le potentiel multiple des chamanes en nous. Collectivement, c&#8217;est ce que j&#8217;appelle le \u00abChamane Int\u00e9rieur.\u00a0\u00bb Ce qui est n\u00e9cessaire actuellement c&#8217;est de l&#8217;enflammer, pour r\u00e9veiller cette potentialit\u00e9, l&#8217; activer et l&#8217;orchestrer afin que nous puissions tous en m\u00eame temps changer la forme de notre monde par un c\u0153ur ouvert et d&#8217;une mani\u00e8re qui honore la terre. C&#8217;est cela que propose l\u2019\u00c9cole du Gu\u00e9risseur Bless\u00e9.\u00a0\u00bb &#8211; Mikkal<\/p>\n<p><a href=\"https:\/\/crowsnestshamanism.com\/blog\/wp-content\/uploads\/2011\/01\/Montage-photo-S-Africa-e1334859702805.jpg\"><img loading=\"lazy\" decoding=\"async\" data-attachment-id=\"819\" data-permalink=\"https:\/\/crowsnestshamanism.com\/blog\/crows-nest-home-page\/montage-photo-s-africa\/\" data-orig-file=\"https:\/\/crowsnestshamanism.com\/blog\/wp-content\/uploads\/2011\/01\/Montage-photo-S-Africa-e1334859702805.jpg\" data-orig-size=\"404,404\" data-comments-opened=\"1\" data-image-meta=\"{&quot;aperture&quot;:&quot;0&quot;,&quot;credit&quot;:&quot;&quot;,&quot;camera&quot;:&quot;&quot;,&quot;caption&quot;:&quot;&quot;,&quot;created_timestamp&quot;:&quot;0&quot;,&quot;copyright&quot;:&quot;&quot;,&quot;focal_length&quot;:&quot;0&quot;,&quot;iso&quot;:&quot;0&quot;,&quot;shutter_speed&quot;:&quot;0&quot;,&quot;title&quot;:&quot;&quot;}\" data-image-title=\"Montage photo S Africa\" data-image-description=\"\" data-image-caption=\"\" data-medium-file=\"https:\/\/crowsnestshamanism.com\/blog\/wp-content\/uploads\/2011\/01\/Montage-photo-S-Africa-e1334859702805-300x300.jpg\" data-large-file=\"https:\/\/crowsnestshamanism.com\/blog\/wp-content\/uploads\/2011\/01\/Montage-photo-S-Africa-e1334859702805.jpg\" class=\"alignleft size-medium wp-image-819\" alt=\"Montage photo S Africa\" src=\"https:\/\/crowsnestshamanism.com\/blog\/wp-content\/uploads\/2011\/01\/Montage-photo-S-Africa-e1334859702805-300x300.jpg\" width=\"300\" height=\"300\" srcset=\"https:\/\/crowsnestshamanism.com\/blog\/wp-content\/uploads\/2011\/01\/Montage-photo-S-Africa-e1334859702805-300x300.jpg 300w, https:\/\/crowsnestshamanism.com\/blog\/wp-content\/uploads\/2011\/01\/Montage-photo-S-Africa-e1334859702805-150x150.jpg 150w, https:\/\/crowsnestshamanism.com\/blog\/wp-content\/uploads\/2011\/01\/Montage-photo-S-Africa-e1334859702805.jpg 404w\" sizes=\"(max-width: 300px) 100vw, 300px\" \/><\/a>Bienvenue sur notre Site Web. Le\u00a0 Centre Crows Nest pour les \u00c9tudes Chamaniques parraine des communaut\u00e9s aux \u00c9tats-Unis, en France et en Belgique, ainsi qu&#8217;en Afrique du Sud. Des Communaut\u00e9s spontan\u00e9es ont grandies autour de nos ateliers du Gu\u00e9risseur Bless\u00e9 dans ces pays, suite \u00e0 des \u00e9v\u00e9nements saisonniers. Ce site vous fera d\u00e9couvrir la mission, la vie, des photos et une partie des ressources des communaut\u00e9s Crows Nest .<\/p>\n<p>En tant qu&#8217;esp\u00e8ce plan\u00e9taire nous vivons sur tous les fronts une \u00e9poque passionnante et insolite,\u00a0 \u00e9cologiquement, g\u00e9ographiquement, \u00e9conomiquement, culturellement, politiquement, psychologiquement et spirituellement. C&#8217;est \u00e0 nous de r\u00e9pondre \u00e0 cette opportunit\u00e9 pour r\u00e9aliser un changement global. \u00c7a a \u00e9t\u00e9 mon privil\u00e8ge et ma synchro-destin\u00e9 de jouer un r\u00f4le nourricier dans la fondation des communaut\u00e9s Crows Nest. Depuis plus de trois d\u00e9cennies mon domaine\u00a0 a \u00e9t\u00e9 d&#8217;\u00e9tudier le g\u00e9nie psycho-spirituelle du chamanisme \u00e0 travers les cultures et p\u00e9riodes historiques, qui est lui-m\u00eame une mine d&#8217;or des potentialit\u00e9s humaines, explorant la mani\u00e8re de modifier la conscience pour exploiter notre richesse illimit\u00e9e de possibilit\u00e9s qui aspire \u00e0 se mettre en ligne, \u00eatre\u00a0 accessible, t\u00e9l\u00e9charg\u00e9 &amp; exprim\u00e9. Il peut nous aider chacun d&#8217;entre nous \u00e0 rentrer dans notre pouvoir afin de faire une diff\u00e9rence dans le monde en m\u00eame temps et co-cr\u00e9ativement.\u00a0 Mes disciplines en tant que psychologue Jungien et anthropologue m\u00e9dical ont contribu\u00e9 \u00e0 former cette connaissance et ces comp\u00e9tences, mais mes propres initiations et mon exp\u00e9rience directe ont donn\u00e9 la substance profonde et ont le plus puissamment fa\u00e7onn\u00e9 ce qui est maintenant la vision des \u00e9coles Crows Nest du Gu\u00e9risseur Bless\u00e9, aux \u00c9tats-Unis, en France, en Belgique et en Afrique du Sud. Dans les \u00e9coles publiques nous avons appris\u00a0 l&#8217;\u00e9volution comme un processus biologique externe. Des Visionnaires comme A.N. Whitehead et Teilhard de Chardin nous ont appris \u00e0 voir l&#8217;\u00e9volution int\u00e9rieure qui a commenc\u00e9 il y a longtemps avec nos anc\u00eatres comme une \u00e9volution sacr\u00e9, qui devient maintenant la principale force d&#8217;\u00e9volution dans le futur. Jung a vu la voie du chamane comme un prototype du processus d&#8217;individuation, l&#8217;\u00e9volution vers l&#8217;int\u00e9rieur sur cette plan\u00e8te a son origine probablement en cela. Le chamane en chacun de nous est notre laboratoire d&#8217; \u00e9volution &#8211;\u00a0 alchimique. R\u00e9jouissez- vous de l&#8217; exploration de ce site, d\u00e9di\u00e9 \u00e0 nous aider \u00e0 cr\u00e9er ensemble un changement mondial \u00e0 partir d&#8217;une ouverture du c\u0153ur et honorant la terre. Vous \u00eates invit\u00e9s \u00e0 vous joindre \u00e0 nous dans ce travail qui est tellement n\u00e9cessaire alors que nous sommes confront\u00e9s \u00e0 des d\u00e9fis plan\u00e9taires et aux opportunit\u00e9s de l&#8217;ann\u00e9e 2012 et au del\u00e0.<\/p>\n<p>-Mikkal<\/p>\n<p>\u00c0 propos du Centre Crows Nest\u00a0 pour les \u00c9tudes Chamaniques.<\/p>\n<p>Crows Nest (Michigan \/ USA) est la base et la maison du Docteur C. Michael Smith, [Ph.D.], (alias Mikkal), un pionnier reconnu internationalement dans la synth\u00e8se de la psychologie Jungienne et de la gu\u00e9rison chamanique. Son livre le plus connu est &#8220;Jung et le Chamanisme. Dialectique.&#8221; Au Centre Crows Nest, dans le Michigan,\u00a0 Mikkal effectue ses ateliers bas\u00e9s aux USA, les retraites et les apprentissages intensifs individuels. Ce Site Web comprend \u00e9galement les programmes d&#8217;apprentissage et de formation de Mikkal et les communaut\u00e9s d&#8217;intention chamaniques centr\u00e9es sur le c\u0153ur et honorant la terre en France, en Belgique et en Afrique du Sud. Tous ensemble sont connus collectivement comme Crows Nest international.<\/p>\n<p>&nbsp;<\/p>\n","protected":false},"excerpt":{"rendered":"<p>\u00abNous avons tous le potentiel multiple des chamanes en nous. Collectivement, c&#8217;est ce que j&#8217;appelle le \u00abChamane Int\u00e9rieur.\u00a0\u00bb Ce qui est n\u00e9cessaire actuellement c&#8217;est de l&#8217;enflammer, pour r\u00e9veiller cette potentialit\u00e9, l&#8217; activer et l&#8217;orchestrer afin que nous puissions tous en m\u00eame temps changer la forme de notre monde par un c\u0153ur ouvert et d&#8217;une mani\u00e8re [&hellip;]<\/p>\n","protected":false},"author":1,"featured_media":0,"parent":334,"menu_order":0,"comment_status":"closed","ping_status":"closed","template":"","meta":{"footnotes":""},"class_list":["post-690","page","type-page","status-publish","hentry"],"jetpack_sharing_enabled":false,"jetpack_shortlink":"https:\/\/wp.me\/P211tE-b8","jetpack_likes_enabled":true,"_links":{"self":[{"href":"https:\/\/crowsnestshamanism.com\/blog\/wp-json\/wp\/v2\/pages\/690","targetHints":{"allow":["GET"]}}],"collection":[{"href":"https:\/\/crowsnestshamanism.com\/blog\/wp-json\/wp\/v2\/pages"}],"about":[{"href":"https:\/\/crowsnestshamanism.com\/blog\/wp-json\/wp\/v2\/types\/page"}],"author":[{"embeddable":true,"href":"https:\/\/crowsnestshamanism.com\/blog\/wp-json\/wp\/v2\/users\/1"}],"replies":[{"embeddable":true,"href":"https:\/\/crowsnestshamanism.com\/blog\/wp-json\/wp\/v2\/comments?post=690"}],"version-history":[{"count":0,"href":"https:\/\/crowsnestshamanism.com\/blog\/wp-json\/wp\/v2\/pages\/690\/revisions"}],"up":[{"embeddable":true,"href":"https:\/\/crowsnestshamanism.com\/blog\/wp-json\/wp\/v2\/pages\/334"}],"wp:attachment":[{"href":"https:\/\/crowsnestshamanism.com\/blog\/wp-json\/wp\/v2\/media?parent=690"}],"curies":[{"name":"wp","href":"https:\/\/api.w.org\/{rel}","templated":true}]}}